{"id":4340,"date":"2024-05-28T12:23:07","date_gmt":"2024-05-28T16:23:07","guid":{"rendered":"https:\/\/soudertonbic.org\/VVordPress\/?page_id=4340"},"modified":"2025-08-22T08:12:38","modified_gmt":"2025-08-22T12:12:38","slug":"iglesia-cristiana","status":"publish","type":"page","link":"https:\/\/soudertonbic.org\/VVordPress\/iglesia-cristiana\/","title":{"rendered":"Iglesia Cristiana Souderton"},"content":{"rendered":"\n\n\t<h1>Iglesia Cristiana Souderton<\/h1>\n\t\t\t\t<img loading=\"lazy\" decoding=\"async\" src=\"https:\/\/soudertonbic.org\/VVordPress\/wp-content\/uploads\/2024\/05\/iglesia.jpg\" alt=\"Iglesia Cristiana Sauderton, group photo\" itemprop=\"image\" height=\"604\" width=\"1403\" title=\"iglesia\" onerror=\"this.style.display='none'\"  \/>\n\t\tGroup photo of worshippers, Iglesia Cristiana Souderton\n\t<p>Servicio de adoraci&oacute;n y alabanza cada domingo por la tarde a la 1:00 p. m. y los martes por la noche a las 6:30 p. m. en el edificio SBIC.<\/p>\n<p>Iglesia Cristiana Souderton is a Spanish-speaking congregation that meets for worship Sunday afternoons at 1:00pm and Tuesday evenings at 6:30pm in the SBIC building.<\/p>\n<p>Nosotros estamos en el <a href=\"https:\/\/www.facebook.com\/profile.php?id=100079562320404\">Facebook<\/a><\/p>\n\t<h2>Pastor Rony Guerra<\/h2>\n<p>Rony es el pastor y l&iacute;der de la Iglesia Cristiana Souderton, con licencia pastoral de los Hermanos en Cristo EE.UU. Recibi&oacute; sus estudios b\u00edblicos y de seminario en el Instituto B\u00edblico Global en California y fue ordenado pastor en 2002. El servicio de Rony en el ministerio ha tomado diferentes formas: como pastor, l\u00edder de escuela dominical, entrenador de l\u00edderes para la ense&ntilde;anza de la escuela b\u00edblica y como plantador de iglesias. Su pasi&oacute;n por servir a Jesucristo y predicar el Evangelio lo motiv\u00f3 a comenzar una nueva misi&oacute;n en Souderton en 2022, y se form&oacute; la Iglesia Cristiana en asociaci&oacute;n con la Iglesia Souderton Brethren in Christ.<\/p>\n\t\t\t\t<img loading=\"lazy\" decoding=\"async\" src=\"https:\/\/soudertonbic.org\/VVordPress\/wp-content\/uploads\/2024\/05\/pastor_rony-640x360.jpg\" alt=\"Pastor Rony Guerra of Iglesia Cristiana Souderton\" itemprop=\"image\" height=\"360\" width=\"640\" title=\"pastor_rony\" onerror=\"this.style.display='none'\"  \/>\n\t\tPastor Rony Guerra\n\t<p>Rony is the pastor and leader of Iglesia Cristiana Souderton, with a pastoral license from the Brethren in Christ U.S. He received his Biblical and seminary studies at the Global Bible Institute in California and was ordained as a pastor in 2002. Rony&#8217;s service in ministry has taken different forms- as a Pastor, Sunday School leader, trainer of leaders for teaching Bible school, and as a church planter. His passion for serving Jesus Christ and preaching the Gospel motivated him to start a new mission in Souderton in 2022, and Iglesia Cristiana was formed in partnership with Souderton Brethren in Christ Church.<\/p>\n\n","protected":false},"excerpt":{"rendered":"<p>Iglesia Cristiana Souderton Group photo of worshippers, Iglesia Cristiana Souderton Servicio de adoraci&oacute;n y alabanza cada domingo por la tarde a la 1:00 p. m. y los martes por la noche a las 6:30 p. m. en el edificio SBIC. &hellip;<\/p>\n","protected":false},"author":2,"featured_media":0,"parent":0,"menu_order":0,"comment_status":"closed","ping_status":"closed","template":"page-templates\/beaver-builder.php","meta":{"footnotes":""},"_links":{"self":[{"href":"https:\/\/soudertonbic.org\/VVordPress\/wp-json\/wp\/v2\/pages\/4340"}],"collection":[{"href":"https:\/\/soudertonbic.org\/VVordPress\/wp-json\/wp\/v2\/pages"}],"about":[{"href":"https:\/\/soudertonbic.org\/VVordPress\/wp-json\/wp\/v2\/types\/page"}],"author":[{"embeddable":true,"href":"https:\/\/soudertonbic.org\/VVordPress\/wp-json\/wp\/v2\/users\/2"}],"replies":[{"embeddable":true,"href":"https:\/\/soudertonbic.org\/VVordPress\/wp-json\/wp\/v2\/comments?post=4340"}],"version-history":[{"count":10,"href":"https:\/\/soudertonbic.org\/VVordPress\/wp-json\/wp\/v2\/pages\/4340\/revisions"}],"predecessor-version":[{"id":4951,"href":"https:\/\/soudertonbic.org\/VVordPress\/wp-json\/wp\/v2\/pages\/4340\/revisions\/4951"}],"wp:attachment":[{"href":"https:\/\/soudertonbic.org\/VVordPress\/wp-json\/wp\/v2\/media?parent=4340"}],"curies":[{"name":"wp","href":"https:\/\/api.w.org\/{rel}","templated":true}]}}